{"id":2718,"date":"2023-07-12T17:47:25","date_gmt":"2023-07-12T17:47:25","guid":{"rendered":"http:\/\/ptriplay.com.previewc75.carrierzone.com\/?page_id=2718"},"modified":"2023-10-13T18:06:26","modified_gmt":"2023-10-13T18:06:26","slug":"resumenes-publicos-de-programa-de-manejo-y-estudios-social-economico","status":"publish","type":"page","link":"http:\/\/ptriplay.com.previewc75.carrierzone.com\/?page_id=2718","title":{"rendered":""},"content":{"rendered":"\t\t<div data-elementor-type=\"wp-page\" data-elementor-id=\"2718\" class=\"elementor elementor-2718\" data-elementor-post-type=\"page\">\n\t\t\t\t\t\t\t\t\t<section class=\"elementor-section elementor-top-section elementor-element elementor-element-612f98d elementor-section-boxed elementor-section-height-default elementor-section-height-default\" data-id=\"612f98d\" data-element_type=\"section\">\n\t\t\t\t\t\t\t<div class=\"elementor-background-overlay\"><\/div>\n\t\t\t\t\t\t\t<div class=\"elementor-container elementor-column-gap-default\">\n\t\t\t\t\t<div class=\"elementor-column elementor-col-100 elementor-top-column elementor-element elementor-element-574de44\" data-id=\"574de44\" data-element_type=\"column\">\n\t\t\t<div class=\"elementor-widget-wrap elementor-element-populated\">\n\t\t\t\t\t\t\t\t<div class=\"elementor-element elementor-element-345ae7a elementor-widget elementor-widget-heading\" data-id=\"345ae7a\" data-element_type=\"widget\" data-widget_type=\"heading.default\">\n\t\t\t\t<div class=\"elementor-widget-container\">\n\t\t\t<style>\/*! elementor - v3.14.0 - 18-06-2023 *\/\n.elementor-heading-title{padding:0;margin:0;line-height:1}.elementor-widget-heading .elementor-heading-title[class*=elementor-size-]>a{color:inherit;font-size:inherit;line-height:inherit}.elementor-widget-heading .elementor-heading-title.elementor-size-small{font-size:15px}.elementor-widget-heading .elementor-heading-title.elementor-size-medium{font-size:19px}.elementor-widget-heading .elementor-heading-title.elementor-size-large{font-size:29px}.elementor-widget-heading .elementor-heading-title.elementor-size-xl{font-size:39px}.elementor-widget-heading .elementor-heading-title.elementor-size-xxl{font-size:59px}<\/style><h1 class=\"elementor-heading-title elementor-size-default\">Res\u00famenes P\u00fablicos de Programa de Manejo y Estudios Social Econ\u00f3mico<\/h1>\t\t<\/div>\n\t\t\t\t<\/div>\n\t\t\t\t\t<\/div>\n\t\t<\/div>\n\t\t\t\t\t\t\t<\/div>\n\t\t<\/section>\n\t\t\t\t<section class=\"elementor-section elementor-top-section elementor-element elementor-element-ddf7ad5 elementor-section-boxed elementor-section-height-default elementor-section-height-default\" data-id=\"ddf7ad5\" data-element_type=\"section\">\n\t\t\t\t\t\t<div class=\"elementor-container elementor-column-gap-default\">\n\t\t\t\t\t<div class=\"elementor-column elementor-col-100 elementor-top-column elementor-element elementor-element-d3a20c9\" data-id=\"d3a20c9\" data-element_type=\"column\">\n\t\t\t<div class=\"elementor-widget-wrap\">\n\t\t\t\t\t\t\t\t\t<\/div>\n\t\t<\/div>\n\t\t\t\t\t\t\t<\/div>\n\t\t<\/section>\n\t\t\t\t<section class=\"elementor-section elementor-top-section elementor-element elementor-element-30162f5 elementor-section-boxed elementor-section-height-default elementor-section-height-default\" data-id=\"30162f5\" data-element_type=\"section\">\n\t\t\t\t\t\t<div class=\"elementor-container elementor-column-gap-default\">\n\t\t\t\t\t<div class=\"elementor-column elementor-col-100 elementor-top-column elementor-element elementor-element-782a4e0\" data-id=\"782a4e0\" data-element_type=\"column\">\n\t\t\t<div class=\"elementor-widget-wrap elementor-element-populated\">\n\t\t\t\t\t\t\t\t<div class=\"elementor-element elementor-element-025f8f2 elementor-widget elementor-widget-text-editor\" data-id=\"025f8f2\" data-element_type=\"widget\" data-widget_type=\"text-editor.default\">\n\t\t\t\t<div class=\"elementor-widget-container\">\n\t\t\t<style>\/*! elementor - v3.14.0 - 18-06-2023 *\/\n.elementor-widget-text-editor.elementor-drop-cap-view-stacked .elementor-drop-cap{background-color:#69727d;color:#fff}.elementor-widget-text-editor.elementor-drop-cap-view-framed .elementor-drop-cap{color:#69727d;border:3px solid;background-color:transparent}.elementor-widget-text-editor:not(.elementor-drop-cap-view-default) .elementor-drop-cap{margin-top:8px}.elementor-widget-text-editor:not(.elementor-drop-cap-view-default) .elementor-drop-cap-letter{width:1em;height:1em}.elementor-widget-text-editor .elementor-drop-cap{float:left;text-align:center;line-height:1;font-size:50px}.elementor-widget-text-editor .elementor-drop-cap-letter{display:inline-block}<\/style>\t\t\t\t<p>\u2022 <a href=\"http:\/\/ptriplay.com.previewc75.carrierzone.com\/wp-content\/uploads\/2023\/10\/018_RESUMEN-PUBLICO_Lote-1-de-Veredas-2-1.pdf\">Resumen p\u00fablico P.P. Lote 1 del Fraccionamiento del predio r\u00fastico Las Veredas<\/a><br \/>\u2022 <a href=\"http:\/\/ptriplay.com.previewc75.carrierzone.com\/wp-content\/uploads\/2023\/10\/18_1_Estudio-Socio_Economico-LOTE-UNO-DE-VEREDAS-2.pdf\">Estudio Socio econ\u00f3mico P.P. Lote 1 del Fraccionamiento del predio r\u00fastico Las Veredas<\/a><br \/>\u2022 <a href=\"http:\/\/ptriplay.com.previewc75.carrierzone.com\/wp-content\/uploads\/2023\/10\/019_RESUMEN-PUBLICO-2019_Terr-seg.-de-SMC-1.pdf\">Resumen p\u00fablico P.P. Terreno segregado de lote r\u00fastico San Miguel de Cruces<\/a><br \/>\u2022 <a href=\"http:\/\/ptriplay.com.previewc75.carrierzone.com\/wp-content\/uploads\/2023\/10\/19-Estudio-Socio_Economico-TERR-SEG-SAN-MIGUEL-DE-CRUCES-2.pdf\">Estudio Socio econ\u00f3mico P.P. Terreno segregado de lote r\u00fastico San Miguel de Cruces<\/a><br \/>\u2022 <a href=\"file:\/\/\/C:\/Users\/Daniela\/Downloads\/060%20Evaluaci%C3%B3n_Socio-econ%C3%B3mico%20Ci%C3%A9nega%20de%20Providencia%20(2).pdf\">Estudio Socio econ\u00f3mico P.P. Lotes de terreno r\u00fastico 1, 2 y 4 del Fraccionamiento Ci\u00e9nega de Providencia<\/a><br \/>\u2022 <a href=\"http:\/\/ptriplay.com.previewc75.carrierzone.com\/wp-content\/uploads\/2023\/10\/124_RESUMEN-PUBLICO-PMF_L-2-Y-3-DE-LA-FRAC-II-DE-LA-TRINIDAD.pdf\">Resumen p\u00fablico P.P.Lotes 2 y 3 de la Fracci\u00f3n II de la Trinidad<\/a><br \/>\u2022 <a href=\"http:\/\/ptriplay.com.previewc75.carrierzone.com\/wp-content\/uploads\/2023\/10\/124-Estudio-Socio_Economico-LOTES-2-Y-3-FRACC-II-DE-LA-TRINIDAD-1.pdf\">Estudio Socio econ\u00f3mico P.P. Lotes 2 y 3 de la Fracci\u00f3n II de la Trinidad<\/a><br \/>\u2022 <a href=\"https:\/\/pgforest.com\/pt\/programas\/docs\/127_RESUMEN%20PUBLICO_L-UNO%20Y%20TRES%20DE%20SAN%20MIGUEL%20DE%20CRUCES.pdf\">Resumen p\u00fablico P.P. Lotes de terreno r\u00fastico 1 y 3, segregado del precio San Miguel de Cruces<\/a><br \/>\u2022 <a href=\"https:\/\/pgforest.com\/pt\/programas\/docs\/125%20Estudio%20Socio_Economico%20LOTE%201%20Y%203%20SMC_2.pdf\">Estudio Socio econ\u00f3mico P.P. Lotes de terreno r\u00fastico 1 y 3, segregado del precio San Miguel de Cruces<\/a><br \/>\u2022<a href=\"https:\/\/pgforest.com\/pt\/programas\/docs\/125-126_RESUMEN%20PUBLICO_L-UNO,%20DOS%20Y%20TRES%20DE%20LA%20TRINIDAD.pdf\"> Resumen p\u00fablico P.P. lotes 1, 2 y 3 del Fraccionamiento del Predio R\u00fastico La Trinidad<\/a><br \/>\u2022 <a href=\"https:\/\/pgforest.com\/pt\/programas\/docs\/127%20Estudio%20Socio_Economico%20LOTES%20UNO,%20DOS%20Y%20TGRES%20DE%20LA%20TRINIDAD.pdf\">Estudio Socio econ\u00f3mico P.P. lotes 1, 2 y 3 del Fraccionamiento del Predio R\u00fastico La Trinidad<\/a><br \/>\u2022 <a href=\"https:\/\/pgforest.com\/pt\/programas\/docs\/RESUMEN%20PUBLICO%20PMF_L-2%20Y%203%20DE%20LA%20FRAC%20II%20DE%20LA%20TRINIDAD.PDF\">Resumen p\u00fablico P.P. Lotes 2 y 3 de la Fracci\u00f3n II de la Trinidad<\/a><br \/>\u2022 <a href=\"https:\/\/pgforest.com\/pt\/programas\/docs\/1y3_SMC_Resumen%20Socioeconomico.pdf\">Resumen Socioecon\u00f3mico 2019 P.P. Lotes de terreno r\u00fastico 1 y 3, segregado del precio San Miguel de Cruces<\/a><br \/>\u2022 <a href=\"https:\/\/pgforest.com\/pt\/programas\/docs\/127%20Estudio%20Socio_Economico%20LOTES%20UNO,%20DOS%20Y%20TGRES%20DE%20LA%20TRINIDAD.pdf\">Resumen Socioecon\u00f3mico 2019 P.P. lotes 2 y 3 del Fraccionamiento del Predio R\u00fastico La Trinidad<\/a><br \/>\u2022 <a href=\"https:\/\/pgforest.com\/pt\/programas\/docs\/018_RESUMEN%20PUBLICO_Lote%201%20de%20Veredas%20(2).pdf\">Resumen p\u00fablico 2019 P.P. Lote 1 del Fraccionamiento del predio r\u00fastico Las Veredas<\/a><br \/>\u2022 <a href=\"https:\/\/pgforest.com\/pt\/programas\/docs\/18_1_Estudio%20Socio_Economico%20LOTE%20UNO%20DE%20VEREDAS%20(2).pdf\">Resumen Socioecon\u00f3mico 2019 P.P. Lote 1 del Fraccionamiento del predio r\u00fastico Las Veredas<\/a><br \/>\u2022 <a href=\"https:\/\/pgforest.com\/pt\/programas\/docs\/019_RESUMEN%20PUBLICO%202019_Terr%20seg.%20de%20SMC.pdf\">Resumen p\u00fablico 2019 P.P. Terreno segregado de lote r\u00fastico San Miguel de Cruces<\/a><br \/>\u2022 <a href=\"https:\/\/pgforest.com\/pt\/programas\/docs\/19%20Estudio%20Socio_Economico%20TERR%20SEG%20SAN%20MIGUEL%20DE%20CRUCES%20(2).pdf\">Resumen Socioeconomico 2019 P.P. Terreno segregado de lote r\u00fastico San Miguel de Cruces<\/a><br \/>\u2022 <a href=\"https:\/\/pgforest.com\/pt\/programas\/docs\/060_RESUMEN%20PUBLICO_060.pdf\">Estudio Socio econ\u00f3mico 2019 P.P. Lotes de terreno r\u00fastico 1, 2 y 4 del Fraccionamiento Ci\u00e9nega de Providencia<\/a><br \/>\u2022 <a href=\"https:\/\/pgforest.com\/pt\/programas\/docs\/060_RESUMEN%20PUBLICO_060.pdf\">Resumen P\u00fablico 2019 P.P. Lotes de terreno r\u00fastico 1, 2 y 4 del Fraccionamiento Ci\u00e9nega de Providencia<\/a><br \/>\u2022 <a href=\"https:\/\/pgforest.com\/pt\/programas\/docs\/060_Resumen%20Socioeconomico.pdf\">Resumen Socioecon\u00f3mico 2019 P.P. Lotes de terreno r\u00fastico 1, 2 y 4 del Fraccionamiento Ci\u00e9nega de Providencia<\/a><br \/>\u2022 <a href=\"https:\/\/pgforest.com\/pt\/programas\/docs\/064%20Estudio%20Socio_Economico%20L3Ciferedo%20y%20PV.pdf\">Monitoreo y evaluaci\u00f3n socio-econ\u00f3mico 2019 P.P. Lote 3 Ciferedo y Potrero de Vacas<\/a><br \/>\u2022 <a href=\"https:\/\/pgforest.com\/pt\/programas\/docs\/064-RESUMEN%20PUBLICO%20PMF_2018.pdf\">Resumen P\u00fablico 2019 P.P. Lote 3 Ciferedo y Potrero de Vacas<\/a><br \/>\u2022 <a href=\"https:\/\/pgforest.com\/pt\/programas\/docs\/2020%20RESUMEN%20PUBLICO%201y3%20SMC.pdf\">Resumen P\u00fablico 2020 P.P. Lotes de terreno r\u00fastico 1 y 3, segregado del precio San Miguel de Cruces<\/a><br \/>\u2022 <a href=\"https:\/\/pgforest.com\/pt\/programas\/docs\/2020_RESUMEN%20PUBLICO_L1,2y3%20LA%20TRINIDAD.pdf\">Resumen p\u00fablico 2020 P.P. lotes 1, 2 y 3 del Fraccionamiento del Predio R\u00fastico La Trinidad<\/a><br \/>\u2022 <a href=\"https:\/\/pgforest.com\/pt\/programas\/docs\/Estudio%20Socio_Economico%20LOTE%201%20Y%203%20SMC.pdf\">Monitoreo y evaluacion socio-econ\u00f3mico 2018 P.P. Lotes de terreno r\u00fastico 1 y 3, segregado del precio San Miguel de Cruces<\/a><br \/>\u2022 <a href=\"https:\/\/pgforest.com\/pt\/programas\/docs\/Estudio%20Socio_Economico%20LOTE%201%20Y%203%20SMC_2019.pdf\">Monitoreo y evaluacion socio-econ\u00f3mico 2019 P.P. Lotes de terreno r\u00fastico 1 y 3, segregado del precio San Miguel de Cruces<\/a><br \/>\u2022 <a href=\"https:\/\/pgforest.com\/pt\/programas\/docs\/109-110-RESUMEN%20PUBLICO%20PMF_2019.pdf\">Resumen P\u00fablico 2019 P.P Fracci\u00f3n Segregada del Lote 14 del Fraccionamiento de Predio Miravalles<\/a><br \/>\u2022 <a href=\"https:\/\/pgforest.com\/pt\/programas\/docs\/107-RESUMEN%20PUBLICO%20PMF_2019.pdf\">Resumen P\u00fablico Noviembre 2019 P.P Fracci\u00f3n Segregada del Lote 14 del Fraccionamiento de Predio Miravalles<\/a><br \/>\u2022<a href=\"http:\/\/ptriplay.com.previewc75.carrierzone.com\/wp-content\/uploads\/2023\/10\/Cumplimiento-a-la-norma-de-certificacion.pdf\"> Cumplimiento a la norma de certificaci\u00f3n<\/a><\/p>\t\t\t\t\t\t<\/div>\n\t\t\t\t<\/div>\n\t\t\t\t\t<\/div>\n\t\t<\/div>\n\t\t\t\t\t\t\t<\/div>\n\t\t<\/section>\n\t\t\t\t\t\t\t<\/div>\n\t\t","protected":false},"excerpt":{"rendered":"<p>Res\u00famenes P\u00fablicos de Programa de Manejo y Estudios Social Econ\u00f3mico \u2022 Resumen p\u00fablico P.P. Lote 1 del Fraccionamiento del predio r\u00fastico Las Veredas\u2022 Estudio Socio econ\u00f3mico P.P. Lote 1 del Fraccionamiento del predio r\u00fastico Las Veredas\u2022 Resumen p\u00fablico P.P. Terreno segregado de lote r\u00fastico San Miguel de Cruces\u2022 Estudio Socio econ\u00f3mico P.P. Terreno segregado de &#8230; <a title=\"\" class=\"read-more\" href=\"http:\/\/ptriplay.com.previewc75.carrierzone.com\/?page_id=2718\" aria-label=\"More on \">Read more<\/a><\/p>\n","protected":false},"author":1,"featured_media":0,"parent":0,"menu_order":0,"comment_status":"closed","ping_status":"closed","template":"elementor_header_footer","meta":{"footnotes":""},"class_list":["post-2718","page","type-page","status-publish"],"_links":{"self":[{"href":"http:\/\/ptriplay.com.previewc75.carrierzone.com\/index.php?rest_route=\/wp\/v2\/pages\/2718","targetHints":{"allow":["GET"]}}],"collection":[{"href":"http:\/\/ptriplay.com.previewc75.carrierzone.com\/index.php?rest_route=\/wp\/v2\/pages"}],"about":[{"href":"http:\/\/ptriplay.com.previewc75.carrierzone.com\/index.php?rest_route=\/wp\/v2\/types\/page"}],"author":[{"embeddable":true,"href":"http:\/\/ptriplay.com.previewc75.carrierzone.com\/index.php?rest_route=\/wp\/v2\/users\/1"}],"replies":[{"embeddable":true,"href":"http:\/\/ptriplay.com.previewc75.carrierzone.com\/index.php?rest_route=%2Fwp%2Fv2%2Fcomments&post=2718"}],"version-history":[{"count":47,"href":"http:\/\/ptriplay.com.previewc75.carrierzone.com\/index.php?rest_route=\/wp\/v2\/pages\/2718\/revisions"}],"predecessor-version":[{"id":3180,"href":"http:\/\/ptriplay.com.previewc75.carrierzone.com\/index.php?rest_route=\/wp\/v2\/pages\/2718\/revisions\/3180"}],"wp:attachment":[{"href":"http:\/\/ptriplay.com.previewc75.carrierzone.com\/index.php?rest_route=%2Fwp%2Fv2%2Fmedia&parent=2718"}],"curies":[{"name":"wp","href":"https:\/\/api.w.org\/{rel}","templated":true}]}}